{"id":10384,"date":"2022-09-12T14:40:51","date_gmt":"2022-09-12T12:40:51","guid":{"rendered":"https:\/\/dev.chateaugreysac.com\/story\/"},"modified":"2025-05-13T12:36:50","modified_gmt":"2025-05-13T10:36:50","slug":"histoire","status":"publish","type":"page","link":"https:\/\/www.chateaugreysac.com\/fr\/histoire\/","title":{"rendered":"Histoire"},"content":{"rendered":"\t\t<div data-elementor-type=\"wp-page\" data-elementor-id=\"10384\" class=\"elementor elementor-10384 elementor-7429\" data-elementor-post-type=\"page\">\n\t\t\t\t<div class=\"elementor-element elementor-element-75878343 e-con-full e-flex e-con e-parent\" data-id=\"75878343\" data-element_type=\"container\" data-e-type=\"container\" data-settings=\"{&quot;background_background&quot;:&quot;classic&quot;}\">\n\t\t<div class=\"elementor-element elementor-element-3fd8c421 e-con-full e-flex e-con e-child\" data-id=\"3fd8c421\" data-element_type=\"container\" data-e-type=\"container\">\n\t\t\t\t<div class=\"elementor-element elementor-element-140bcb87 elementor-widget elementor-widget-image\" data-id=\"140bcb87\" data-element_type=\"widget\" data-e-type=\"widget\" data-widget_type=\"image.default\">\n\t\t\t\t<div class=\"elementor-widget-container\">\n\t\t\t\t\t\t\t\t\t\t\t\t\t\t\t<img loading=\"lazy\" decoding=\"async\" width=\"1847\" height=\"425\" src=\"https:\/\/www.chateaugreysac.com\/wp-content\/uploads\/2022\/09\/chateau-greysac-titre-blanc.png\" class=\"attachment-full size-full wp-image-10202\" alt=\"\" srcset=\"https:\/\/www.chateaugreysac.com\/wp-content\/uploads\/2022\/09\/chateau-greysac-titre-blanc.png 1847w, https:\/\/www.chateaugreysac.com\/wp-content\/uploads\/2022\/09\/chateau-greysac-titre-blanc-300x69.png 300w, https:\/\/www.chateaugreysac.com\/wp-content\/uploads\/2022\/09\/chateau-greysac-titre-blanc-1024x236.png 1024w, https:\/\/www.chateaugreysac.com\/wp-content\/uploads\/2022\/09\/chateau-greysac-titre-blanc-768x177.png 768w, https:\/\/www.chateaugreysac.com\/wp-content\/uploads\/2022\/09\/chateau-greysac-titre-blanc-1536x353.png 1536w\" sizes=\"auto, (max-width: 1847px) 100vw, 1847px\" \/>\t\t\t\t\t\t\t\t\t\t\t\t\t\t\t<\/div>\n\t\t\t\t<\/div>\n\t\t\t\t<div class=\"elementor-element elementor-element-2b44429b elementor-widget elementor-widget-heading\" data-id=\"2b44429b\" data-element_type=\"widget\" data-e-type=\"widget\" data-widget_type=\"heading.default\">\n\t\t\t\t<div class=\"elementor-widget-container\">\n\t\t\t\t\t<h1 class=\"elementor-heading-title elementor-size-default\">Notre Histoire<\/h1>\t\t\t\t<\/div>\n\t\t\t\t<\/div>\n\t\t\t\t<\/div>\n\t\t\t\t<\/div>\n\t\t<div class=\"elementor-element elementor-element-1f3954e1 e-flex e-con-boxed e-con e-parent\" data-id=\"1f3954e1\" data-element_type=\"container\" data-e-type=\"container\">\n\t\t\t\t\t<div class=\"e-con-inner\">\n\t\t<div class=\"elementor-element elementor-element-52a3eafb e-con-full e-flex e-con e-child\" data-id=\"52a3eafb\" data-element_type=\"container\" data-e-type=\"container\">\n\t\t\t\t<div class=\"elementor-element elementor-element-226a61b4 elementor-widget elementor-widget-image\" data-id=\"226a61b4\" data-element_type=\"widget\" data-e-type=\"widget\" data-widget_type=\"image.default\">\n\t\t\t\t<div class=\"elementor-widget-container\">\n\t\t\t\t\t\t\t\t\t\t\t\t\t\t\t<img loading=\"lazy\" decoding=\"async\" width=\"153\" height=\"195\" src=\"https:\/\/www.chateaugreysac.com\/wp-content\/uploads\/2021\/07\/h5_decor.png\" class=\"attachment-full size-full wp-image-10185\" alt=\"\" \/>\t\t\t\t\t\t\t\t\t\t\t\t\t\t\t<\/div>\n\t\t\t\t<\/div>\n\t\t\t\t<div class=\"elementor-element elementor-element-3968c61 elementor-widget-mobile__width-initial elementor-widget elementor-widget-text-editor\" data-id=\"3968c61\" data-element_type=\"widget\" data-e-type=\"widget\" data-widget_type=\"text-editor.default\">\n\t\t\t\t<div class=\"elementor-widget-container\">\n\t\t\t\t\t\t\t\t\t<p>La destin\u00e9e du Ch\u00e2teau Greysac a toujours \u00e9t\u00e9 li\u00e9e \u00e0 des coups de c\u0153urs. Depuis plus de six d\u00e9cennies, de fortes personnalit\u00e9s y succ\u00e8dent.<\/p><p>La premi\u00e8re de toutes est celle qui a cr\u00e9\u00e9 ce cru, Georges H\u00e9reil. Ing\u00e9nieur notable de son histoire, il fut pr\u00e9sident de l\u2019Aviation Civile et l\u2019un des concepteurs de l\u2019avion Caravelle. Saisi d\u2019un vrai coup de foudre, il acheta la jolie maison de ma\u00eetre de Greysac, en 1960 ainsi qu\u2019une \u00e9tendue de vigne sur les terres de By.<\/p><p>Georges H\u00e9reil fit conna\u00eetre le vin de Greysac \u00e0 bon nombre d\u2019amis et de connaissances, un premier pas hissant le ch\u00e2teau vers sa renomm\u00e9e.<\/p><p>Puis en 1974, il vendit Ch\u00e2teau Greysac \u00e0 Fran\u00e7ois de Gunzbur un personnage extraordinaire, baron d\u2019empire, issu d\u2019une famille de banquiers russes, dot\u00e9 d\u2019un caract\u00e8re redoutable et d\u2019une \u00e9nergie f\u00e9conde, mais plus encore, d\u2019un carnet d\u2019adresses plan\u00e9taire.<\/p><p>Fran\u00e7ois de Gunzburg acheta la propri\u00e9t\u00e9 en partenariat avec la famille Agnelli, figure de l\u2019automobile de luxe (Fiat, Ferrari) et tout aussi passionn\u00e9e de vins\u2026 C\u2019est cette derni\u00e8re qui reprendra pleinement la conduite du vignoble pendant plus de 30 ans alors qu\u2019il continuera d\u2019accroitre sa forte r\u00e9putation.<\/p><p>Depuis 2012, le Ch\u00e2teau Greysac appartient \u00e0 Jean Guyon dont le secret de la r\u00e9ussite r\u00e9side dans le fait de traiter ses Crus Bourgeois avec le m\u00eame soin que les Crus Class\u00e9s, mais \u00e0 un prix plus abordable.<\/p><p>Pour ce faire, Jean Guyon a mis en place une nouvelle gestion et une restructuration du vignoble et mis en place une agriculture durable ainsi qu&rsquo;un processus de vinification mariant tradition avec haute technologie. Ainsi, au fil des ans, il continue d\u2019amener le Ch\u00e2teau Greysac \u00e0 son apog\u00e9e.<\/p>\t\t\t\t\t\t\t\t<\/div>\n\t\t\t\t<\/div>\n\t\t\t\t<\/div>\n\t\t\t\t\t<\/div>\n\t\t\t\t<\/div>\n\t\t<div class=\"elementor-element elementor-element-1533e34 e-con-full e-flex e-con e-parent\" data-id=\"1533e34\" data-element_type=\"container\" data-e-type=\"container\" data-settings=\"{&quot;background_background&quot;:&quot;classic&quot;,&quot;background_motion_fx_motion_fx_scrolling&quot;:&quot;yes&quot;,&quot;background_motion_fx_translateY_effect&quot;:&quot;yes&quot;,&quot;background_motion_fx_translateY_speed&quot;:{&quot;unit&quot;:&quot;px&quot;,&quot;size&quot;:4,&quot;sizes&quot;:[]},&quot;background_motion_fx_translateY_affectedRange&quot;:{&quot;unit&quot;:&quot;%&quot;,&quot;size&quot;:&quot;&quot;,&quot;sizes&quot;:{&quot;start&quot;:0,&quot;end&quot;:100}},&quot;background_motion_fx_devices&quot;:[&quot;desktop&quot;,&quot;tablet&quot;,&quot;mobile&quot;]}\">\n\t\t\t\t<div class=\"elementor-element elementor-element-491c5588 elementor-widget elementor-widget-text-editor\" data-id=\"491c5588\" data-element_type=\"widget\" data-e-type=\"widget\" data-widget_type=\"text-editor.default\">\n\t\t\t\t<div class=\"elementor-widget-container\">\n\t\t\t\t\t\t\t\t\t<p class=\"p1\"><span class=\"s1\">Ch\u00e2teau Greysac racont\u00e9 par Jean Guyon<\/span><\/p>\t\t\t\t\t\t\t\t<\/div>\n\t\t\t\t<\/div>\n\t\t\t\t<div class=\"elementor-element elementor-element-3c3ea26c elementor-widget elementor-widget-heading\" data-id=\"3c3ea26c\" data-element_type=\"widget\" data-e-type=\"widget\" data-widget_type=\"heading.default\">\n\t\t\t\t<div class=\"elementor-widget-container\">\n\t\t\t\t\t<h2 class=\"elementor-heading-title elementor-size-default\">Passion<\/h2>\t\t\t\t<\/div>\n\t\t\t\t<\/div>\n\t\t\t\t<div class=\"elementor-element elementor-element-631fb029 elementor-view-default elementor-widget elementor-widget-icon\" data-id=\"631fb029\" data-element_type=\"widget\" data-e-type=\"widget\" data-widget_type=\"icon.default\">\n\t\t\t\t<div class=\"elementor-widget-container\">\n\t\t\t\t\t\t\t<div class=\"elementor-icon-wrapper\">\n\t\t\t<a class=\"elementor-icon\" href=\"https:\/\/www.youtube.com\/watch?v=eAL36DpJm-k\" target=\"_blank\">\n\t\t\t<svg aria-hidden=\"true\" class=\"e-font-icon-svg e-fab-youtube\" viewBox=\"0 0 576 512\" xmlns=\"http:\/\/www.w3.org\/2000\/svg\"><path d=\"M549.655 124.083c-6.281-23.65-24.787-42.276-48.284-48.597C458.781 64 288 64 288 64S117.22 64 74.629 75.486c-23.497 6.322-42.003 24.947-48.284 48.597-11.412 42.867-11.412 132.305-11.412 132.305s0 89.438 11.412 132.305c6.281 23.65 24.787 41.5 48.284 47.821C117.22 448 288 448 288 448s170.78 0 213.371-11.486c23.497-6.321 42.003-24.171 48.284-47.821 11.412-42.867 11.412-132.305 11.412-132.305s0-89.438-11.412-132.305zm-317.51 213.508V175.185l142.739 81.205-142.739 81.201z\"><\/path><\/svg>\t\t\t<\/a>\n\t\t<\/div>\n\t\t\t\t\t\t<\/div>\n\t\t\t\t<\/div>\n\t\t\t\t<\/div>\n\t\t\t\t<\/div>\n\t\t","protected":false},"excerpt":{"rendered":"<p>Notre Histoire La destin\u00e9e du Ch\u00e2teau Greysac a toujours \u00e9t\u00e9 li\u00e9e \u00e0 des coups de c\u0153urs. Depuis plus de six d\u00e9cennies, de fortes personnalit\u00e9s y succ\u00e8dent. La premi\u00e8re de toutes est celle qui a cr\u00e9\u00e9 ce cru, Georges H\u00e9reil. Ing\u00e9nieur notable de son histoire, il fut pr\u00e9sident de l\u2019Aviation Civile et l\u2019un des concepteurs de [&hellip;]<\/p>\n","protected":false},"author":1,"featured_media":10207,"parent":0,"menu_order":0,"comment_status":"closed","ping_status":"closed","template":"elementor_theme","meta":{"footnotes":""},"class_list":["post-10384","page","type-page","status-publish","has-post-thumbnail","hentry"],"yoast_head":"<!-- This site is optimized with the Yoast SEO plugin v27.5 - https:\/\/yoast.com\/product\/yoast-seo-wordpress\/ -->\n<title>Notre histoire | D\u00e9couvrez l&#039;histoire du Ch\u00e2teau Greysac<\/title>\n<meta name=\"description\" content=\"La destin\u00e9e du Ch\u00e2teau Greysac a toujours \u00e9t\u00e9 li\u00e9e \u00e0 des coups de c\u0153urs. Depuis plus de six d\u00e9cennies, de fortes personnalit\u00e9s y succ\u00e8dent...\" \/>\n<meta name=\"robots\" content=\"index, follow, max-snippet:-1, max-image-preview:large, max-video-preview:-1\" \/>\n<link rel=\"canonical\" href=\"https:\/\/www.chateaugreysac.com\/fr\/histoire\/\" \/>\n<meta property=\"og:locale\" content=\"fr_FR\" \/>\n<meta property=\"og:type\" content=\"article\" \/>\n<meta property=\"og:title\" content=\"Notre histoire | D\u00e9couvrez l&#039;histoire du Ch\u00e2teau Greysac\" \/>\n<meta property=\"og:description\" content=\"La destin\u00e9e du Ch\u00e2teau Greysac a toujours \u00e9t\u00e9 li\u00e9e \u00e0 des coups de c\u0153urs. Depuis plus de six d\u00e9cennies, de fortes personnalit\u00e9s y succ\u00e8dent...\" \/>\n<meta property=\"og:url\" content=\"https:\/\/www.chateaugreysac.com\/fr\/histoire\/\" \/>\n<meta property=\"og:site_name\" content=\"Chateau Greysac\" \/>\n<meta property=\"article:publisher\" content=\"https:\/\/www.facebook.com\/domainesrollandeby\" \/>\n<meta property=\"article:modified_time\" content=\"2025-05-13T10:36:50+00:00\" \/>\n<meta property=\"og:image\" content=\"https:\/\/www.chateaugreysac.com\/wp-content\/uploads\/2022\/09\/chateau-greysac-salle-reception.jpg\" \/>\n\t<meta property=\"og:image:width\" content=\"1920\" \/>\n\t<meta property=\"og:image:height\" content=\"1280\" \/>\n\t<meta property=\"og:image:type\" content=\"image\/jpeg\" \/>\n<meta name=\"twitter:card\" content=\"summary_large_image\" \/>\n<script type=\"application\/ld+json\" class=\"yoast-schema-graph\">{\"@context\":\"https:\\\/\\\/schema.org\",\"@graph\":[{\"@type\":\"WebPage\",\"@id\":\"https:\\\/\\\/www.chateaugreysac.com\\\/fr\\\/histoire\\\/\",\"url\":\"https:\\\/\\\/www.chateaugreysac.com\\\/fr\\\/histoire\\\/\",\"name\":\"Notre histoire | D\u00e9couvrez l'histoire du Ch\u00e2teau Greysac\",\"isPartOf\":{\"@id\":\"https:\\\/\\\/www.chateaugreysac.com\\\/#website\"},\"primaryImageOfPage\":{\"@id\":\"https:\\\/\\\/www.chateaugreysac.com\\\/fr\\\/histoire\\\/#primaryimage\"},\"image\":{\"@id\":\"https:\\\/\\\/www.chateaugreysac.com\\\/fr\\\/histoire\\\/#primaryimage\"},\"thumbnailUrl\":\"https:\\\/\\\/www.chateaugreysac.com\\\/wp-content\\\/uploads\\\/2022\\\/09\\\/chateau-greysac-salle-reception.jpg\",\"datePublished\":\"2022-09-12T12:40:51+00:00\",\"dateModified\":\"2025-05-13T10:36:50+00:00\",\"description\":\"La destin\u00e9e du Ch\u00e2teau Greysac a toujours \u00e9t\u00e9 li\u00e9e \u00e0 des coups de c\u0153urs. Depuis plus de six d\u00e9cennies, de fortes personnalit\u00e9s y succ\u00e8dent...\",\"breadcrumb\":{\"@id\":\"https:\\\/\\\/www.chateaugreysac.com\\\/fr\\\/histoire\\\/#breadcrumb\"},\"inLanguage\":\"fr-FR\",\"potentialAction\":[{\"@type\":\"ReadAction\",\"target\":[\"https:\\\/\\\/www.chateaugreysac.com\\\/fr\\\/histoire\\\/\"]}]},{\"@type\":\"ImageObject\",\"inLanguage\":\"fr-FR\",\"@id\":\"https:\\\/\\\/www.chateaugreysac.com\\\/fr\\\/histoire\\\/#primaryimage\",\"url\":\"https:\\\/\\\/www.chateaugreysac.com\\\/wp-content\\\/uploads\\\/2022\\\/09\\\/chateau-greysac-salle-reception.jpg\",\"contentUrl\":\"https:\\\/\\\/www.chateaugreysac.com\\\/wp-content\\\/uploads\\\/2022\\\/09\\\/chateau-greysac-salle-reception.jpg\",\"width\":1920,\"height\":1280},{\"@type\":\"BreadcrumbList\",\"@id\":\"https:\\\/\\\/www.chateaugreysac.com\\\/fr\\\/histoire\\\/#breadcrumb\",\"itemListElement\":[{\"@type\":\"ListItem\",\"position\":1,\"name\":\"Home\",\"item\":\"https:\\\/\\\/www.chateaugreysac.com\\\/fr\\\/\"},{\"@type\":\"ListItem\",\"position\":2,\"name\":\"Histoire\"}]},{\"@type\":\"WebSite\",\"@id\":\"https:\\\/\\\/www.chateaugreysac.com\\\/#website\",\"url\":\"https:\\\/\\\/www.chateaugreysac.com\\\/\",\"name\":\"Chateau Greysac\",\"description\":\"AOC M\u00e9doc Cru Bourgeois Sup\u00e9rieur\",\"publisher\":{\"@id\":\"https:\\\/\\\/www.chateaugreysac.com\\\/#organization\"},\"potentialAction\":[{\"@type\":\"SearchAction\",\"target\":{\"@type\":\"EntryPoint\",\"urlTemplate\":\"https:\\\/\\\/www.chateaugreysac.com\\\/?s={search_term_string}\"},\"query-input\":{\"@type\":\"PropertyValueSpecification\",\"valueRequired\":true,\"valueName\":\"search_term_string\"}}],\"inLanguage\":\"fr-FR\"},{\"@type\":\"Organization\",\"@id\":\"https:\\\/\\\/www.chateaugreysac.com\\\/#organization\",\"name\":\"Chateau Greysac\",\"url\":\"https:\\\/\\\/www.chateaugreysac.com\\\/\",\"logo\":{\"@type\":\"ImageObject\",\"inLanguage\":\"fr-FR\",\"@id\":\"https:\\\/\\\/www.chateaugreysac.com\\\/#\\\/schema\\\/logo\\\/image\\\/\",\"url\":\"https:\\\/\\\/www.chateaugreysac.com\\\/wp-content\\\/uploads\\\/2025\\\/05\\\/logo-chateau-greysac.png\",\"contentUrl\":\"https:\\\/\\\/www.chateaugreysac.com\\\/wp-content\\\/uploads\\\/2025\\\/05\\\/logo-chateau-greysac.png\",\"width\":1955,\"height\":1955,\"caption\":\"Chateau Greysac\"},\"image\":{\"@id\":\"https:\\\/\\\/www.chateaugreysac.com\\\/#\\\/schema\\\/logo\\\/image\\\/\"},\"sameAs\":[\"https:\\\/\\\/www.facebook.com\\\/domainesrollandeby\"]}]}<\/script>\n<!-- \/ Yoast SEO plugin. -->","yoast_head_json":{"title":"Notre histoire | D\u00e9couvrez l'histoire du Ch\u00e2teau Greysac","description":"La destin\u00e9e du Ch\u00e2teau Greysac a toujours \u00e9t\u00e9 li\u00e9e \u00e0 des coups de c\u0153urs. Depuis plus de six d\u00e9cennies, de fortes personnalit\u00e9s y succ\u00e8dent...","robots":{"index":"index","follow":"follow","max-snippet":"max-snippet:-1","max-image-preview":"max-image-preview:large","max-video-preview":"max-video-preview:-1"},"canonical":"https:\/\/www.chateaugreysac.com\/fr\/histoire\/","og_locale":"fr_FR","og_type":"article","og_title":"Notre histoire | D\u00e9couvrez l'histoire du Ch\u00e2teau Greysac","og_description":"La destin\u00e9e du Ch\u00e2teau Greysac a toujours \u00e9t\u00e9 li\u00e9e \u00e0 des coups de c\u0153urs. Depuis plus de six d\u00e9cennies, de fortes personnalit\u00e9s y succ\u00e8dent...","og_url":"https:\/\/www.chateaugreysac.com\/fr\/histoire\/","og_site_name":"Chateau Greysac","article_publisher":"https:\/\/www.facebook.com\/domainesrollandeby","article_modified_time":"2025-05-13T10:36:50+00:00","og_image":[{"width":1920,"height":1280,"url":"https:\/\/www.chateaugreysac.com\/wp-content\/uploads\/2022\/09\/chateau-greysac-salle-reception.jpg","type":"image\/jpeg"}],"twitter_card":"summary_large_image","schema":{"@context":"https:\/\/schema.org","@graph":[{"@type":"WebPage","@id":"https:\/\/www.chateaugreysac.com\/fr\/histoire\/","url":"https:\/\/www.chateaugreysac.com\/fr\/histoire\/","name":"Notre histoire | D\u00e9couvrez l'histoire du Ch\u00e2teau Greysac","isPartOf":{"@id":"https:\/\/www.chateaugreysac.com\/#website"},"primaryImageOfPage":{"@id":"https:\/\/www.chateaugreysac.com\/fr\/histoire\/#primaryimage"},"image":{"@id":"https:\/\/www.chateaugreysac.com\/fr\/histoire\/#primaryimage"},"thumbnailUrl":"https:\/\/www.chateaugreysac.com\/wp-content\/uploads\/2022\/09\/chateau-greysac-salle-reception.jpg","datePublished":"2022-09-12T12:40:51+00:00","dateModified":"2025-05-13T10:36:50+00:00","description":"La destin\u00e9e du Ch\u00e2teau Greysac a toujours \u00e9t\u00e9 li\u00e9e \u00e0 des coups de c\u0153urs. Depuis plus de six d\u00e9cennies, de fortes personnalit\u00e9s y succ\u00e8dent...","breadcrumb":{"@id":"https:\/\/www.chateaugreysac.com\/fr\/histoire\/#breadcrumb"},"inLanguage":"fr-FR","potentialAction":[{"@type":"ReadAction","target":["https:\/\/www.chateaugreysac.com\/fr\/histoire\/"]}]},{"@type":"ImageObject","inLanguage":"fr-FR","@id":"https:\/\/www.chateaugreysac.com\/fr\/histoire\/#primaryimage","url":"https:\/\/www.chateaugreysac.com\/wp-content\/uploads\/2022\/09\/chateau-greysac-salle-reception.jpg","contentUrl":"https:\/\/www.chateaugreysac.com\/wp-content\/uploads\/2022\/09\/chateau-greysac-salle-reception.jpg","width":1920,"height":1280},{"@type":"BreadcrumbList","@id":"https:\/\/www.chateaugreysac.com\/fr\/histoire\/#breadcrumb","itemListElement":[{"@type":"ListItem","position":1,"name":"Home","item":"https:\/\/www.chateaugreysac.com\/fr\/"},{"@type":"ListItem","position":2,"name":"Histoire"}]},{"@type":"WebSite","@id":"https:\/\/www.chateaugreysac.com\/#website","url":"https:\/\/www.chateaugreysac.com\/","name":"Chateau Greysac","description":"AOC M\u00e9doc Cru Bourgeois Sup\u00e9rieur","publisher":{"@id":"https:\/\/www.chateaugreysac.com\/#organization"},"potentialAction":[{"@type":"SearchAction","target":{"@type":"EntryPoint","urlTemplate":"https:\/\/www.chateaugreysac.com\/?s={search_term_string}"},"query-input":{"@type":"PropertyValueSpecification","valueRequired":true,"valueName":"search_term_string"}}],"inLanguage":"fr-FR"},{"@type":"Organization","@id":"https:\/\/www.chateaugreysac.com\/#organization","name":"Chateau Greysac","url":"https:\/\/www.chateaugreysac.com\/","logo":{"@type":"ImageObject","inLanguage":"fr-FR","@id":"https:\/\/www.chateaugreysac.com\/#\/schema\/logo\/image\/","url":"https:\/\/www.chateaugreysac.com\/wp-content\/uploads\/2025\/05\/logo-chateau-greysac.png","contentUrl":"https:\/\/www.chateaugreysac.com\/wp-content\/uploads\/2025\/05\/logo-chateau-greysac.png","width":1955,"height":1955,"caption":"Chateau Greysac"},"image":{"@id":"https:\/\/www.chateaugreysac.com\/#\/schema\/logo\/image\/"},"sameAs":["https:\/\/www.facebook.com\/domainesrollandeby"]}]}},"_links":{"self":[{"href":"https:\/\/www.chateaugreysac.com\/fr\/wp-json\/wp\/v2\/pages\/10384","targetHints":{"allow":["GET"]}}],"collection":[{"href":"https:\/\/www.chateaugreysac.com\/fr\/wp-json\/wp\/v2\/pages"}],"about":[{"href":"https:\/\/www.chateaugreysac.com\/fr\/wp-json\/wp\/v2\/types\/page"}],"author":[{"embeddable":true,"href":"https:\/\/www.chateaugreysac.com\/fr\/wp-json\/wp\/v2\/users\/1"}],"replies":[{"embeddable":true,"href":"https:\/\/www.chateaugreysac.com\/fr\/wp-json\/wp\/v2\/comments?post=10384"}],"version-history":[{"count":0,"href":"https:\/\/www.chateaugreysac.com\/fr\/wp-json\/wp\/v2\/pages\/10384\/revisions"}],"wp:featuredmedia":[{"embeddable":true,"href":"https:\/\/www.chateaugreysac.com\/fr\/wp-json\/wp\/v2\/media\/10207"}],"wp:attachment":[{"href":"https:\/\/www.chateaugreysac.com\/fr\/wp-json\/wp\/v2\/media?parent=10384"}],"curies":[{"name":"wp","href":"https:\/\/api.w.org\/{rel}","templated":true}]}}